{"id":18,"date":"2024-01-24T04:42:38","date_gmt":"2024-01-24T04:42:38","guid":{"rendered":"https:\/\/rotomoldeo.com.mx\/tienda\/?post_type=product&#038;p=18"},"modified":"2025-03-26T22:35:37","modified_gmt":"2025-03-26T22:35:37","slug":"caribbean-kayak","status":"publish","type":"product","link":"https:\/\/rotomoldeo.com.mx\/tienda\/producto\/caribbean-kayak\/","title":{"rendered":"Caribbean Kayak"},"content":{"rendered":"<p>Con un dise\u00f1o \u00fanico de 3.05 metros de largo permite que sea ligero, c\u00f3modo y estable para tener mucho m\u00e1s control al remar y a su vez facilitar su transporte y almacenamiento. Fabricado en M\u00e9xico utilizando s\u00f3lo materiales de la m\u00e1s alta calidad y bajo estrictos controles de calidad de clase mundial, Caribbean Kayak se traduce en mejor rendimiento, resistencia y durabilidad. Pensado para todos aquellos amantes de la aventura, el deporte y el contacto con la naturaleza, Caribbean Kayak es la mejor opci\u00f3n para explorar el mundo acu\u00e1tico y conocer los l\u00edmites de tu propio destino. Caribbean Kayak&#8230; atr\u00e9vete a explorar.<\/p>\n<p><b>EN LA COMPRA DE UNO DE NUESTROS KAYAKS INCUYE DOS REMOS<\/b><\/p>\n<h3>Especificaciones:<\/h3>\n<div class=\"page\" title=\"Page 1\">\n<div class=\"layoutArea\">\n<div class=\"column\">\n<p>Kayak para dos personas fabricado con poli\u0301meros de media densidad, por medio de proceso de rotomoldeo.<\/p>\n<\/div>\n<\/div>\n<\/div>\n<h4>Medidas:<\/h4>\n<div class=\"page\" title=\"Page 1\">\n<div class=\"layoutArea\">\n<div class=\"column\">\n<ul>\n<li>Ancho: 90cm<\/li>\n<li>Largo: 3.05 Metros Alto: 29 cm<\/li>\n<li>Peso: 28 kg<\/li>\n<li>Capacidad: 175 a 200 Kg<\/li>\n<\/ul>\n<\/div>\n<\/div>\n<\/div>\n<p><img fetchpriority=\"high\" decoding=\"async\" class=\"alignnone wp-image-2682 size-full\" src=\"https:\/\/rotomoldeo.com.mx\/tienda\/wp-content\/uploads\/2024\/01\/medidas-reales-kayak.png\" alt=\"\" width=\"1301\" height=\"713\" srcset=\"https:\/\/rotomoldeo.com.mx\/tienda\/wp-content\/uploads\/2024\/01\/medidas-reales-kayak.png 1301w, https:\/\/rotomoldeo.com.mx\/tienda\/wp-content\/uploads\/2024\/01\/medidas-reales-kayak-300x164.png 300w, https:\/\/rotomoldeo.com.mx\/tienda\/wp-content\/uploads\/2024\/01\/medidas-reales-kayak-1024x561.png 1024w, https:\/\/rotomoldeo.com.mx\/tienda\/wp-content\/uploads\/2024\/01\/medidas-reales-kayak-768x421.png 768w, https:\/\/rotomoldeo.com.mx\/tienda\/wp-content\/uploads\/2024\/01\/medidas-reales-kayak-600x329.png 600w\" sizes=\"(max-width: 1301px) 100vw, 1301px\" \/><\/p>\n<p>COBERTURA DE ENV\u00cdOS:<\/p>\n<div class=\"txt-envio\">Si tu ciudad o estado no est\u00e1 en este listado, ponte en contacto con el vendedor <a class=\"fab fa-whatsapp\" href=\"https:\/\/wa.me\/+529993100099\/?text=Solicito%20cotizaci\u00f3n%20de%20env\u00edo%20de%20Kayak\" target=\"_blank\" rel=\"noopener\"> <img decoding=\"async\" src=\"https:\/\/rotomoldeo.com.mx\/tienda\/wp-content\/uploads\/2024\/04\/whats-white.svg\" alt=\"\" \/> Cotizar env\u00edo aqu\u00ed<\/a><\/div>\n<div><img decoding=\"async\" class=\"alignnone wp-image-2717 size-full img-envio\" src=\"https:\/\/rotomoldeo.com.mx\/tienda\/wp-content\/uploads\/2024\/02\/cobertura.jpg\" alt=\"\" width=\"1200\" height=\"1200\" srcset=\"https:\/\/rotomoldeo.com.mx\/tienda\/wp-content\/uploads\/2024\/02\/cobertura.jpg 1200w, https:\/\/rotomoldeo.com.mx\/tienda\/wp-content\/uploads\/2024\/02\/cobertura-300x300.jpg 300w, https:\/\/rotomoldeo.com.mx\/tienda\/wp-content\/uploads\/2024\/02\/cobertura-1024x1024.jpg 1024w, https:\/\/rotomoldeo.com.mx\/tienda\/wp-content\/uploads\/2024\/02\/cobertura-150x150.jpg 150w, https:\/\/rotomoldeo.com.mx\/tienda\/wp-content\/uploads\/2024\/02\/cobertura-768x768.jpg 768w, https:\/\/rotomoldeo.com.mx\/tienda\/wp-content\/uploads\/2024\/02\/cobertura-600x600.jpg 600w, https:\/\/rotomoldeo.com.mx\/tienda\/wp-content\/uploads\/2024\/02\/cobertura-100x100.jpg 100w\" sizes=\"(max-width: 1200px) 100vw, 1200px\" \/><\/div>\n","protected":false},"excerpt":{"rendered":"<p><b>La combinaci\u00f3n perfecta entre calidad y precio.<\/b><\/p>\n<p class=\"no-view\">Disfruta de la versatilidad y facilidad de manejo con nuestros Kayaks que tienen un dise\u00f1o \u00fanico de 3.05 metros de largo que permite que sea ligero, c\u00f3modo y estable para tener mucho m\u00e1s control al remar y a su vez facilitar su transporte y almacenamiento. Fabricado en M\u00e9xico utilizando s\u00f3lo materiales de la m\u00e1s alta calidad y bajo estrictos controles de calidad de clase mundial,\u00a0<strong>Caribbean Kayak<\/strong>\u00a0se traduce en mejor rendimiento, resistencia y durabilidad.<\/p>\n<p class=\"no-view\"><b>EN LA COMPRA DE UNO DE NUESTROS KAYAKS INCUYE DOS REMOS<\/b><\/p>\n<div class=\"no-view\">\n<div class=\"txt-envio\">\n<div>Ponte en contacto con el vendedor<\/div>\n<div><a class=\"fab fa-whatsapp\" href=\"https:\/\/wa.me\/+529993100099\/?text=Solicito%20cotizaci\u00f3n%20de%20env\u00edo%20de%20Kayak\" target=\"_blank\" rel=\"noopener\"> <img decoding=\"async\" src=\"https:\/\/rotomoldeo.com.mx\/tienda\/wp-content\/uploads\/2024\/04\/whats-white.svg\" alt=\"\" \/> Cotizar env\u00edo aqu\u00ed<\/a><\/div>\n<\/div>\n<div><\/div>\n<\/div>\n","protected":false},"featured_media":2680,"comment_status":"open","ping_status":"closed","template":"","meta":{"_uag_custom_page_level_css":"","site-sidebar-layout":"default","site-content-layout":"","ast-site-content-layout":"default","site-content-style":"default","site-sidebar-style":"default","ast-global-header-display":"","ast-banner-title-visibility":"","ast-main-header-display":"","ast-hfb-above-header-display":"","ast-hfb-below-header-display":"","ast-hfb-mobile-header-display":"","site-post-title":"","ast-breadcrumbs-content":"","ast-featured-img":"","footer-sml-layout":"","ast-disable-related-posts":"","theme-transparent-header-meta":"default","adv-header-id-meta":"","stick-header-meta":"","header-above-stick-meta":"","header-main-stick-meta":"","header-below-stick-meta":"","astra-migrate-meta-layouts":"set","ast-page-background-enabled":"default","ast-page-background-meta":{"desktop":{"background-color":"","background-image":"","background-repeat":"repeat","background-position":"center center","background-size":"auto","background-attachment":"scroll","background-type":"","background-media":"","overlay-type":"","overlay-color":"","overlay-opacity":"","overlay-gradient":""},"tablet":{"background-color":"","background-image":"","background-repeat":"repeat","background-position":"center center","background-size":"auto","background-attachment":"scroll","background-type":"","background-media":"","overlay-type":"","overlay-color":"","overlay-opacity":"","overlay-gradient":""},"mobile":{"background-color":"","background-image":"","background-repeat":"repeat","background-position":"center center","background-size":"auto","background-attachment":"scroll","background-type":"","background-media":"","overlay-type":"","overlay-color":"","overlay-opacity":"","overlay-gradient":""}},"ast-content-background-meta":{"desktop":{"background-color":"var(--ast-global-color-5)","background-image":"","background-repeat":"repeat","background-position":"center center","background-size":"auto","background-attachment":"scroll","background-type":"","background-media":"","overlay-type":"","overlay-color":"","overlay-opacity":"","overlay-gradient":""},"tablet":{"background-color":"var(--ast-global-color-5)","background-image":"","background-repeat":"repeat","background-position":"center center","background-size":"auto","background-attachment":"scroll","background-type":"","background-media":"","overlay-type":"","overlay-color":"","overlay-opacity":"","overlay-gradient":""},"mobile":{"background-color":"var(--ast-global-color-5)","background-image":"","background-repeat":"repeat","background-position":"center center","background-size":"auto","background-attachment":"scroll","background-type":"","background-media":"","overlay-type":"","overlay-color":"","overlay-opacity":"","overlay-gradient":""}}},"product_brand":[],"product_cat":[15],"product_tag":[],"class_list":{"0":"post-18","1":"product","2":"type-product","3":"status-publish","4":"has-post-thumbnail","6":"product_cat-sin-categorizar","7":"desktop-align-center","8":"tablet-align-left","9":"mobile-align-left","11":"first","12":"instock","13":"product-type-variable"},"uagb_featured_image_src":{"full":["https:\/\/rotomoldeo.com.mx\/tienda\/wp-content\/uploads\/2024\/01\/kayaks-principal-tienda.png",1200,1200,false],"thumbnail":["https:\/\/rotomoldeo.com.mx\/tienda\/wp-content\/uploads\/2024\/01\/kayaks-principal-tienda-150x150.png",150,150,true],"medium":["https:\/\/rotomoldeo.com.mx\/tienda\/wp-content\/uploads\/2024\/01\/kayaks-principal-tienda-300x300.png",300,300,true],"medium_large":["https:\/\/rotomoldeo.com.mx\/tienda\/wp-content\/uploads\/2024\/01\/kayaks-principal-tienda-768x768.png",768,768,true],"large":["https:\/\/rotomoldeo.com.mx\/tienda\/wp-content\/uploads\/2024\/01\/kayaks-principal-tienda-1024x1024.png",1024,1024,true],"1536x1536":["https:\/\/rotomoldeo.com.mx\/tienda\/wp-content\/uploads\/2024\/01\/kayaks-principal-tienda.png",1200,1200,false],"2048x2048":["https:\/\/rotomoldeo.com.mx\/tienda\/wp-content\/uploads\/2024\/01\/kayaks-principal-tienda.png",1200,1200,false],"mailpoet_newsletter_max":["https:\/\/rotomoldeo.com.mx\/tienda\/wp-content\/uploads\/2024\/01\/kayaks-principal-tienda.png",1200,1200,false],"woocommerce_thumbnail":["https:\/\/rotomoldeo.com.mx\/tienda\/wp-content\/uploads\/2024\/01\/kayaks-principal-tienda-300x300.png",300,300,true],"woocommerce_single":["https:\/\/rotomoldeo.com.mx\/tienda\/wp-content\/uploads\/2024\/01\/kayaks-principal-tienda-600x600.png",600,600,true],"woocommerce_gallery_thumbnail":["https:\/\/rotomoldeo.com.mx\/tienda\/wp-content\/uploads\/2024\/01\/kayaks-principal-tienda-100x100.png",100,100,true]},"uagb_author_info":{"display_name":"admin","author_link":"https:\/\/rotomoldeo.com.mx\/tienda\/author\/"},"uagb_comment_info":2,"uagb_excerpt":"La combinaci\u00f3n perfecta entre calidad y precio. Disfruta de la versatilidad y facilidad de manejo con nuestros Kayaks que tienen un dise\u00f1o \u00fanico de 3.05 metros de largo que permite que sea ligero, c\u00f3modo y estable para tener mucho m\u00e1s control al remar y a su vez facilitar su transporte y almacenamiento. Fabricado en M\u00e9xico&hellip;","jetpack_sharing_enabled":true,"_links":{"self":[{"href":"https:\/\/rotomoldeo.com.mx\/tienda\/wp-json\/wp\/v2\/product\/18","targetHints":{"allow":["GET"]}}],"collection":[{"href":"https:\/\/rotomoldeo.com.mx\/tienda\/wp-json\/wp\/v2\/product"}],"about":[{"href":"https:\/\/rotomoldeo.com.mx\/tienda\/wp-json\/wp\/v2\/types\/product"}],"replies":[{"embeddable":true,"href":"https:\/\/rotomoldeo.com.mx\/tienda\/wp-json\/wp\/v2\/comments?post=18"}],"wp:featuredmedia":[{"embeddable":true,"href":"https:\/\/rotomoldeo.com.mx\/tienda\/wp-json\/wp\/v2\/media\/2680"}],"wp:attachment":[{"href":"https:\/\/rotomoldeo.com.mx\/tienda\/wp-json\/wp\/v2\/media?parent=18"}],"wp:term":[{"taxonomy":"product_brand","embeddable":true,"href":"https:\/\/rotomoldeo.com.mx\/tienda\/wp-json\/wp\/v2\/product_brand?post=18"},{"taxonomy":"product_cat","embeddable":true,"href":"https:\/\/rotomoldeo.com.mx\/tienda\/wp-json\/wp\/v2\/product_cat?post=18"},{"taxonomy":"product_tag","embeddable":true,"href":"https:\/\/rotomoldeo.com.mx\/tienda\/wp-json\/wp\/v2\/product_tag?post=18"}],"curies":[{"name":"wp","href":"https:\/\/api.w.org\/{rel}","templated":true}]}}