{"id":2497,"date":"2024-02-08T20:36:59","date_gmt":"2024-02-08T20:36:59","guid":{"rendered":"https:\/\/rotomoldeo.com.mx\/tienda\/?post_type=product&#038;p=2497"},"modified":"2025-03-26T22:38:55","modified_gmt":"2025-03-26T22:38:55","slug":"caribbean-cooler","status":"publish","type":"product","link":"https:\/\/rotomoldeo.com.mx\/tienda\/producto\/caribbean-cooler\/","title":{"rendered":"Caribbean Cooler"},"content":{"rendered":"<p><b>Hielo que se mantiene sin derretirse hasta por 5 d\u00edas.<\/b><\/p>\n<div class=\"no-view\">\n<p class=\"no-view\">Hielera \u00fanica en su clase, disfruta de realizar todas tus actividades sin preocuparte por conservar tus alimentos o bebidas, dise\u00f1ado para acompa\u00f1arte hasta en las aventuras m\u00e1s extremas. Resiste hasta -40\u00b0 temperatura con tecnolog\u00eda UV para soportar temperaturas calurosas.<\/p>\n<p class=\"no-view\"><img fetchpriority=\"high\" decoding=\"async\" class=\"no-view aligncenter wp-image-2681 size-full\" src=\"https:\/\/rotomoldeo.com.mx\/tienda\/wp-content\/uploads\/2024\/02\/ficha-tecnica-neveras-cc.png\" alt=\"\" width=\"1251\" height=\"779\" srcset=\"https:\/\/rotomoldeo.com.mx\/tienda\/wp-content\/uploads\/2024\/02\/ficha-tecnica-neveras-cc.png 1251w, https:\/\/rotomoldeo.com.mx\/tienda\/wp-content\/uploads\/2024\/02\/ficha-tecnica-neveras-cc-300x187.png 300w, https:\/\/rotomoldeo.com.mx\/tienda\/wp-content\/uploads\/2024\/02\/ficha-tecnica-neveras-cc-1024x638.png 1024w, https:\/\/rotomoldeo.com.mx\/tienda\/wp-content\/uploads\/2024\/02\/ficha-tecnica-neveras-cc-768x478.png 768w, https:\/\/rotomoldeo.com.mx\/tienda\/wp-content\/uploads\/2024\/02\/ficha-tecnica-neveras-cc-600x374.png 600w\" sizes=\"(max-width: 1251px) 100vw, 1251px\" \/><img decoding=\"async\" src=\"https:\/\/rotomoldeo.com.mx\/larc\/coolerb1.jpg\" alt=\"Nevera Camping; Contenedor T\u00e9rmico, hielera\" width=\"0%\" height=\"0%\" \/>\u00a0<img decoding=\"async\" src=\"https:\/\/rotomoldeo.com.mx\/larc\/coolerb2.jpg\" alt=\"Frigor\u00edfico grande; Nevera de camping \" width=\"0%\" height=\"0%\" \/>\u00a0<img decoding=\"async\" src=\"https:\/\/rotomoldeo.com.mx\/larc\/coolerb3.jpg\" alt=\"Hielera para la playa; nevera playa campingaz\" width=\"0%\" height=\"0%\" \/><img decoding=\"async\" src=\"https:\/\/rotomoldeo.com.mx\/larc\/coolerb4.jpg\" alt=\"Nevera portatil camping; frigor\u00edfico camping\" width=\"0%\" height=\"0%\" \/><\/p>\n<\/div>\n<p>&nbsp;<\/p>\n<p>COBERTURA DE ENV\u00cdOS:<\/p>\n<div class=\"txt-envio\">Si tu ciudad o estado no est\u00e1 en este listado, ponte en contacto con el vendedor <a class=\"fab fa-whatsapp\" href=\"https:\/\/wa.me\/+529993100099\/?text=Solicito%20cotizaci\u00f3n%20de%20env\u00edo%20de%20Caribbean%20Cooler\" target=\"_blank\" rel=\"noopener\"> <img decoding=\"async\" src=\"https:\/\/rotomoldeo.com.mx\/tienda\/wp-content\/uploads\/2024\/04\/whats-white.svg\" alt=\"\" \/> Cotizar env\u00edo aqu\u00ed<\/a><\/div>\n<div><img decoding=\"async\" class=\"alignnone wp-image-2717 size-full img-envio\" src=\"https:\/\/rotomoldeo.com.mx\/tienda\/wp-content\/uploads\/2024\/02\/cobertura.jpg\" alt=\"\" width=\"1200\" height=\"1200\" srcset=\"https:\/\/rotomoldeo.com.mx\/tienda\/wp-content\/uploads\/2024\/02\/cobertura.jpg 1200w, https:\/\/rotomoldeo.com.mx\/tienda\/wp-content\/uploads\/2024\/02\/cobertura-300x300.jpg 300w, https:\/\/rotomoldeo.com.mx\/tienda\/wp-content\/uploads\/2024\/02\/cobertura-1024x1024.jpg 1024w, https:\/\/rotomoldeo.com.mx\/tienda\/wp-content\/uploads\/2024\/02\/cobertura-150x150.jpg 150w, https:\/\/rotomoldeo.com.mx\/tienda\/wp-content\/uploads\/2024\/02\/cobertura-768x768.jpg 768w, https:\/\/rotomoldeo.com.mx\/tienda\/wp-content\/uploads\/2024\/02\/cobertura-600x600.jpg 600w, https:\/\/rotomoldeo.com.mx\/tienda\/wp-content\/uploads\/2024\/02\/cobertura-100x100.jpg 100w\" sizes=\"(max-width: 1200px) 100vw, 1200px\" \/><\/div>\n","protected":false},"excerpt":{"rendered":"<p><b>Hielo que se mantiene sin derretirse hasta por 5 d\u00edas<\/b><\/p>\n<p class=\"no-view\">Hielera \u00fanica en su clase, disfruta de realizar todas tus actividades sin preocuparte por conservar tus alimentos o bebidas, dise\u00f1ado para acompa\u00f1arte hasta en las aventuras m\u00e1s extremas. Resiste hasta -40\u00b0 temperatura con tecnolog\u00eda UV para soportar temperaturas calurosas.<\/p>\n<p class=\"no-view\"><img decoding=\"async\" class=\"alignnone size-medium wp-image-2661\" src=\"https:\/\/rotomoldeo.com.mx\/tienda\/wp-content\/uploads\/2024\/02\/iconos-cooler-300x30.png\" alt=\"\" width=\"300\" height=\"30\" srcset=\"https:\/\/rotomoldeo.com.mx\/tienda\/wp-content\/uploads\/2024\/02\/iconos-cooler-300x30.png 300w, https:\/\/rotomoldeo.com.mx\/tienda\/wp-content\/uploads\/2024\/02\/iconos-cooler-600x61.png 600w, https:\/\/rotomoldeo.com.mx\/tienda\/wp-content\/uploads\/2024\/02\/iconos-cooler.png 738w\" sizes=\"(max-width: 300px) 100vw, 300px\" \/><\/p>\n","protected":false},"featured_media":2579,"comment_status":"open","ping_status":"closed","template":"","meta":{"_uag_custom_page_level_css":"","site-sidebar-layout":"default","site-content-layout":"","ast-site-content-layout":"normal-width-container","site-content-style":"default","site-sidebar-style":"default","ast-global-header-display":"","ast-banner-title-visibility":"","ast-main-header-display":"","ast-hfb-above-header-display":"","ast-hfb-below-header-display":"","ast-hfb-mobile-header-display":"","site-post-title":"","ast-breadcrumbs-content":"","ast-featured-img":"","footer-sml-layout":"","ast-disable-related-posts":"","theme-transparent-header-meta":"default","adv-header-id-meta":"","stick-header-meta":"","header-above-stick-meta":"","header-main-stick-meta":"","header-below-stick-meta":"","astra-migrate-meta-layouts":"set","ast-page-background-enabled":"default","ast-page-background-meta":{"desktop":{"background-color":"","background-image":"","background-repeat":"repeat","background-position":"center center","background-size":"auto","background-attachment":"scroll","background-type":"","background-media":"","overlay-type":"","overlay-color":"","overlay-opacity":"","overlay-gradient":""},"tablet":{"background-color":"","background-image":"","background-repeat":"repeat","background-position":"center center","background-size":"auto","background-attachment":"scroll","background-type":"","background-media":"","overlay-type":"","overlay-color":"","overlay-opacity":"","overlay-gradient":""},"mobile":{"background-color":"","background-image":"","background-repeat":"repeat","background-position":"center center","background-size":"auto","background-attachment":"scroll","background-type":"","background-media":"","overlay-type":"","overlay-color":"","overlay-opacity":"","overlay-gradient":""}},"ast-content-background-meta":{"desktop":{"background-color":"var(--ast-global-color-5)","background-image":"","background-repeat":"repeat","background-position":"center center","background-size":"auto","background-attachment":"scroll","background-type":"","background-media":"","overlay-type":"","overlay-color":"","overlay-opacity":"","overlay-gradient":""},"tablet":{"background-color":"var(--ast-global-color-5)","background-image":"","background-repeat":"repeat","background-position":"center center","background-size":"auto","background-attachment":"scroll","background-type":"","background-media":"","overlay-type":"","overlay-color":"","overlay-opacity":"","overlay-gradient":""},"mobile":{"background-color":"var(--ast-global-color-5)","background-image":"","background-repeat":"repeat","background-position":"center center","background-size":"auto","background-attachment":"scroll","background-type":"","background-media":"","overlay-type":"","overlay-color":"","overlay-opacity":"","overlay-gradient":""}}},"product_brand":[],"product_cat":[15],"product_tag":[59,61,60],"class_list":{"0":"post-2497","1":"product","2":"type-product","3":"status-publish","4":"has-post-thumbnail","6":"product_cat-sin-categorizar","7":"product_tag-cooler","8":"product_tag-hielera","9":"product_tag-nevera","10":"product_shipping_class-neveras","11":"desktop-align-center","12":"tablet-align-left","13":"mobile-align-left","15":"first","16":"instock","17":"purchasable","18":"product-type-variable"},"uagb_featured_image_src":{"full":["https:\/\/rotomoldeo.com.mx\/tienda\/wp-content\/uploads\/2024\/02\/nevera_azul.png",1200,1200,false],"thumbnail":["https:\/\/rotomoldeo.com.mx\/tienda\/wp-content\/uploads\/2024\/02\/nevera_azul-150x150.png",150,150,true],"medium":["https:\/\/rotomoldeo.com.mx\/tienda\/wp-content\/uploads\/2024\/02\/nevera_azul-300x300.png",300,300,true],"medium_large":["https:\/\/rotomoldeo.com.mx\/tienda\/wp-content\/uploads\/2024\/02\/nevera_azul-768x768.png",768,768,true],"large":["https:\/\/rotomoldeo.com.mx\/tienda\/wp-content\/uploads\/2024\/02\/nevera_azul-1024x1024.png",1024,1024,true],"1536x1536":["https:\/\/rotomoldeo.com.mx\/tienda\/wp-content\/uploads\/2024\/02\/nevera_azul.png",1200,1200,false],"2048x2048":["https:\/\/rotomoldeo.com.mx\/tienda\/wp-content\/uploads\/2024\/02\/nevera_azul.png",1200,1200,false],"mailpoet_newsletter_max":["https:\/\/rotomoldeo.com.mx\/tienda\/wp-content\/uploads\/2024\/02\/nevera_azul.png",1200,1200,false],"woocommerce_thumbnail":["https:\/\/rotomoldeo.com.mx\/tienda\/wp-content\/uploads\/2024\/02\/nevera_azul-300x300.png",300,300,true],"woocommerce_single":["https:\/\/rotomoldeo.com.mx\/tienda\/wp-content\/uploads\/2024\/02\/nevera_azul-600x600.png",600,600,true],"woocommerce_gallery_thumbnail":["https:\/\/rotomoldeo.com.mx\/tienda\/wp-content\/uploads\/2024\/02\/nevera_azul-100x100.png",100,100,true]},"uagb_author_info":{"display_name":"admin","author_link":"https:\/\/rotomoldeo.com.mx\/tienda\/author\/"},"uagb_comment_info":2,"uagb_excerpt":"Hielo que se mantiene sin derretirse hasta por 5 d\u00edas Hielera \u00fanica en su clase, disfruta de realizar todas tus actividades sin preocuparte por conservar tus alimentos o bebidas, dise\u00f1ado para acompa\u00f1arte hasta en las aventuras m\u00e1s extremas. Resiste hasta -40\u00b0 temperatura con tecnolog\u00eda UV para soportar temperaturas calurosas.","jetpack_sharing_enabled":true,"_links":{"self":[{"href":"https:\/\/rotomoldeo.com.mx\/tienda\/wp-json\/wp\/v2\/product\/2497","targetHints":{"allow":["GET"]}}],"collection":[{"href":"https:\/\/rotomoldeo.com.mx\/tienda\/wp-json\/wp\/v2\/product"}],"about":[{"href":"https:\/\/rotomoldeo.com.mx\/tienda\/wp-json\/wp\/v2\/types\/product"}],"replies":[{"embeddable":true,"href":"https:\/\/rotomoldeo.com.mx\/tienda\/wp-json\/wp\/v2\/comments?post=2497"}],"wp:featuredmedia":[{"embeddable":true,"href":"https:\/\/rotomoldeo.com.mx\/tienda\/wp-json\/wp\/v2\/media\/2579"}],"wp:attachment":[{"href":"https:\/\/rotomoldeo.com.mx\/tienda\/wp-json\/wp\/v2\/media?parent=2497"}],"wp:term":[{"taxonomy":"product_brand","embeddable":true,"href":"https:\/\/rotomoldeo.com.mx\/tienda\/wp-json\/wp\/v2\/product_brand?post=2497"},{"taxonomy":"product_cat","embeddable":true,"href":"https:\/\/rotomoldeo.com.mx\/tienda\/wp-json\/wp\/v2\/product_cat?post=2497"},{"taxonomy":"product_tag","embeddable":true,"href":"https:\/\/rotomoldeo.com.mx\/tienda\/wp-json\/wp\/v2\/product_tag?post=2497"}],"curies":[{"name":"wp","href":"https:\/\/api.w.org\/{rel}","templated":true}]}}