{"id":2535,"date":"2024-02-08T22:38:08","date_gmt":"2024-02-08T22:38:08","guid":{"rendered":"https:\/\/rotomoldeo.com.mx\/tienda\/?post_type=product&#038;p=2535"},"modified":"2025-03-26T22:43:16","modified_gmt":"2025-03-26T22:43:16","slug":"pupitres-qdesk","status":"publish","type":"product","link":"https:\/\/rotomoldeo.com.mx\/tienda\/producto\/pupitres-qdesk\/","title":{"rendered":"Qdesk"},"content":{"rendered":"<p><img fetchpriority=\"high\" decoding=\"async\" class=\"alignnone wp-image-2651 size-full\" src=\"https:\/\/rotomoldeo.com.mx\/tienda\/wp-content\/uploads\/2024\/02\/4-1.png\" alt=\"\" width=\"1920\" height=\"1080\" srcset=\"https:\/\/rotomoldeo.com.mx\/tienda\/wp-content\/uploads\/2024\/02\/4-1.png 1920w, https:\/\/rotomoldeo.com.mx\/tienda\/wp-content\/uploads\/2024\/02\/4-1-300x169.png 300w, https:\/\/rotomoldeo.com.mx\/tienda\/wp-content\/uploads\/2024\/02\/4-1-1024x576.png 1024w, https:\/\/rotomoldeo.com.mx\/tienda\/wp-content\/uploads\/2024\/02\/4-1-768x432.png 768w, https:\/\/rotomoldeo.com.mx\/tienda\/wp-content\/uploads\/2024\/02\/4-1-1536x864.png 1536w, https:\/\/rotomoldeo.com.mx\/tienda\/wp-content\/uploads\/2024\/02\/4-1-1320x743.png 1320w, https:\/\/rotomoldeo.com.mx\/tienda\/wp-content\/uploads\/2024\/02\/4-1-600x338.png 600w\" sizes=\"(max-width: 1920px) 100vw, 1920px\" \/><\/p>\n<p>&nbsp;<\/p>\n<p style=\"text-align: center;\">MEDIDAS DISPONIBLES:<\/p>\n<h3 style=\"text-align: center;\"><strong>TAMA\u00d1O Q4<\/strong><\/h3>\n<p style=\"text-align: center;\">Ideal para ni\u00f1os de primaria. De 1.25m hasta 1.40m de altura<\/p>\n<p><img decoding=\"async\" class=\"alignnone wp-image-2652 size-full\" src=\"https:\/\/rotomoldeo.com.mx\/tienda\/wp-content\/uploads\/2024\/02\/DimensionesQ4_Rev_page-0001-e1708381161876.jpg\" alt=\"\" width=\"1187\" height=\"577\" srcset=\"https:\/\/rotomoldeo.com.mx\/tienda\/wp-content\/uploads\/2024\/02\/DimensionesQ4_Rev_page-0001-e1708381161876.jpg 1187w, https:\/\/rotomoldeo.com.mx\/tienda\/wp-content\/uploads\/2024\/02\/DimensionesQ4_Rev_page-0001-e1708381161876-300x146.jpg 300w, https:\/\/rotomoldeo.com.mx\/tienda\/wp-content\/uploads\/2024\/02\/DimensionesQ4_Rev_page-0001-e1708381161876-1024x498.jpg 1024w, https:\/\/rotomoldeo.com.mx\/tienda\/wp-content\/uploads\/2024\/02\/DimensionesQ4_Rev_page-0001-e1708381161876-768x373.jpg 768w, https:\/\/rotomoldeo.com.mx\/tienda\/wp-content\/uploads\/2024\/02\/DimensionesQ4_Rev_page-0001-e1708381161876-600x292.jpg 600w\" sizes=\"(max-width: 1187px) 100vw, 1187px\" \/><\/p>\n<h3 style=\"text-align: center;\"><strong>TAMA\u00d1O Q5<\/strong><\/h3>\n<p style=\"text-align: center;\">Para j\u00f3venes de secundaria y preparatoria mayores de 1.40m de altura.<\/p>\n<p><img decoding=\"async\" class=\"alignnone wp-image-2653 size-full\" src=\"https:\/\/rotomoldeo.com.mx\/tienda\/wp-content\/uploads\/2024\/02\/DimensionesQ5_Rev_page-0001-e1708381340893.jpg\" alt=\"\" width=\"1187\" height=\"602\" srcset=\"https:\/\/rotomoldeo.com.mx\/tienda\/wp-content\/uploads\/2024\/02\/DimensionesQ5_Rev_page-0001-e1708381340893.jpg 1187w, https:\/\/rotomoldeo.com.mx\/tienda\/wp-content\/uploads\/2024\/02\/DimensionesQ5_Rev_page-0001-e1708381340893-300x152.jpg 300w, https:\/\/rotomoldeo.com.mx\/tienda\/wp-content\/uploads\/2024\/02\/DimensionesQ5_Rev_page-0001-e1708381340893-1024x519.jpg 1024w, https:\/\/rotomoldeo.com.mx\/tienda\/wp-content\/uploads\/2024\/02\/DimensionesQ5_Rev_page-0001-e1708381340893-768x389.jpg 768w, https:\/\/rotomoldeo.com.mx\/tienda\/wp-content\/uploads\/2024\/02\/DimensionesQ5_Rev_page-0001-e1708381340893-600x304.jpg 600w\" sizes=\"(max-width: 1187px) 100vw, 1187px\" \/><\/p>\n<p>Los Qdesk son diferentes a cualquier otro pupitre en el mercado, sus principales ventajas son:<\/p>\n<ul class=\"unset bold\">\n<li style=\"list-style-type: none;\">\n<ul class=\"unset bold\">\n<li>Est\u00e1n garantizados de por vida.<\/li>\n<li>Su dise\u00f1o es ergon\u00f3mico.<\/li>\n<li>No necesitan mantenimiento.<\/li>\n<li>Dise\u00f1ados para resistirlo todo.<\/li>\n<li>No tienen piezas filosas ni \u00f3xido.<\/li>\n<li>Representan un ahorro anual.<\/li>\n<li>Son innovadores y vanguardistas.<\/li>\n<li>Tienen atractivos colores.<\/li>\n<li>Los hay en diferentes tama\u00f1os.<\/li>\n<li>Son completamente reciclables.<\/li>\n<\/ul>\n<\/li>\n<\/ul>\n<p>COBERTURA DE ENV\u00cdOS:<\/p>\n<div class=\"txt-envio\">Si tu ciudad o estado no est\u00e1 en este listado, ponte en contacto con el vendedor <a class=\"fab fa-whatsapp\" href=\"https:\/\/wa.me\/+529993100099\/?text=Solicito%20cotizaci\u00f3n%20de%20env\u00edo%20de%20Qdesk\" target=\"_blank\" rel=\"noopener\"> <img decoding=\"async\" src=\"https:\/\/rotomoldeo.com.mx\/tienda\/wp-content\/uploads\/2024\/04\/whats-white.svg\" alt=\"\" \/> Cotizar env\u00edo aqu\u00ed<\/a><\/div>\n<div><img decoding=\"async\" class=\"img-envio wp-image-2717 size-medium aligncenter\" src=\"https:\/\/rotomoldeo.com.mx\/tienda\/wp-content\/uploads\/2024\/02\/cobertura.jpg\" alt=\"\" width=\"70%\" srcset=\"https:\/\/rotomoldeo.com.mx\/tienda\/wp-content\/uploads\/2024\/02\/cobertura.jpg 1200w, https:\/\/rotomoldeo.com.mx\/tienda\/wp-content\/uploads\/2024\/02\/cobertura-300x300.jpg 300w, https:\/\/rotomoldeo.com.mx\/tienda\/wp-content\/uploads\/2024\/02\/cobertura-1024x1024.jpg 1024w, https:\/\/rotomoldeo.com.mx\/tienda\/wp-content\/uploads\/2024\/02\/cobertura-150x150.jpg 150w, https:\/\/rotomoldeo.com.mx\/tienda\/wp-content\/uploads\/2024\/02\/cobertura-768x768.jpg 768w, https:\/\/rotomoldeo.com.mx\/tienda\/wp-content\/uploads\/2024\/02\/cobertura-600x600.jpg 600w, https:\/\/rotomoldeo.com.mx\/tienda\/wp-content\/uploads\/2024\/02\/cobertura-100x100.jpg 100w\" sizes=\"(max-width: 1200px) 100vw, 1200px\" \/><\/div>\n","protected":false},"excerpt":{"rendered":"<p><b>Invierte en calidad y obt\u00e9n durabilidad para toda la vida<\/b><\/p>\n<p class=\"no-view\">Protege la salud de los estudiantes al promover una postura que cuida su sistema circulatorio y metab\u00f3lico con su dise\u00f1o ergon\u00f3mico. Un pupitre de madera o metal dura entre 3 a 5 a\u00f1os. Qdesk est\u00e1 dise\u00f1ado para tener una extensa vida \u00fatil y elaborado con material de alta calidad, no requiere de mantenimiento, no necesita pintura, ni cambios de tornillos, no se oxida, ni humedece.<\/p>\n<div class=\"no-view\">\n<div class=\"txt-envio\">\n<div>Ponte en contacto con el vendedor<\/div>\n<div><a class=\"fab fa-whatsapp\" href=\"https:\/\/wa.me\/+529993100099\/?text=Solicito%20cotizaci\u00f3n%20de%20env\u00edo%20de%20Pupitres\" target=\"_blank\" rel=\"noopener\"> <img decoding=\"async\" src=\"https:\/\/rotomoldeo.com.mx\/tienda\/wp-content\/uploads\/2024\/04\/whats-white.svg\" alt=\"\" \/> Cotizar env\u00edo aqu\u00ed<\/a><\/div>\n<\/div>\n<div><\/div>\n<\/div>\n","protected":false},"featured_media":2592,"comment_status":"open","ping_status":"closed","template":"","meta":{"_uag_custom_page_level_css":"","site-sidebar-layout":"default","site-content-layout":"","ast-site-content-layout":"normal-width-container","site-content-style":"default","site-sidebar-style":"default","ast-global-header-display":"","ast-banner-title-visibility":"","ast-main-header-display":"","ast-hfb-above-header-display":"","ast-hfb-below-header-display":"","ast-hfb-mobile-header-display":"","site-post-title":"","ast-breadcrumbs-content":"","ast-featured-img":"","footer-sml-layout":"","ast-disable-related-posts":"","theme-transparent-header-meta":"default","adv-header-id-meta":"","stick-header-meta":"","header-above-stick-meta":"","header-main-stick-meta":"","header-below-stick-meta":"","astra-migrate-meta-layouts":"set","ast-page-background-enabled":"default","ast-page-background-meta":{"desktop":{"background-color":"","background-image":"","background-repeat":"repeat","background-position":"center center","background-size":"auto","background-attachment":"scroll","background-type":"","background-media":"","overlay-type":"","overlay-color":"","overlay-opacity":"","overlay-gradient":""},"tablet":{"background-color":"","background-image":"","background-repeat":"repeat","background-position":"center center","background-size":"auto","background-attachment":"scroll","background-type":"","background-media":"","overlay-type":"","overlay-color":"","overlay-opacity":"","overlay-gradient":""},"mobile":{"background-color":"","background-image":"","background-repeat":"repeat","background-position":"center center","background-size":"auto","background-attachment":"scroll","background-type":"","background-media":"","overlay-type":"","overlay-color":"","overlay-opacity":"","overlay-gradient":""}},"ast-content-background-meta":{"desktop":{"background-color":"var(--ast-global-color-5)","background-image":"","background-repeat":"repeat","background-position":"center center","background-size":"auto","background-attachment":"scroll","background-type":"","background-media":"","overlay-type":"","overlay-color":"","overlay-opacity":"","overlay-gradient":""},"tablet":{"background-color":"var(--ast-global-color-5)","background-image":"","background-repeat":"repeat","background-position":"center center","background-size":"auto","background-attachment":"scroll","background-type":"","background-media":"","overlay-type":"","overlay-color":"","overlay-opacity":"","overlay-gradient":""},"mobile":{"background-color":"var(--ast-global-color-5)","background-image":"","background-repeat":"repeat","background-position":"center center","background-size":"auto","background-attachment":"scroll","background-type":"","background-media":"","overlay-type":"","overlay-color":"","overlay-opacity":"","overlay-gradient":""}}},"product_brand":[],"product_cat":[15],"product_tag":[],"class_list":{"0":"post-2535","1":"product","2":"type-product","3":"status-publish","4":"has-post-thumbnail","6":"product_cat-sin-categorizar","7":"product_shipping_class-rotomoldeo","8":"desktop-align-center","9":"tablet-align-left","10":"mobile-align-left","12":"first","13":"instock","14":"product-type-variable"},"uagb_featured_image_src":{"full":["https:\/\/rotomoldeo.com.mx\/tienda\/wp-content\/uploads\/2024\/02\/portada_qdesk.png",1200,1200,false],"thumbnail":["https:\/\/rotomoldeo.com.mx\/tienda\/wp-content\/uploads\/2024\/02\/portada_qdesk-150x150.png",150,150,true],"medium":["https:\/\/rotomoldeo.com.mx\/tienda\/wp-content\/uploads\/2024\/02\/portada_qdesk-300x300.png",300,300,true],"medium_large":["https:\/\/rotomoldeo.com.mx\/tienda\/wp-content\/uploads\/2024\/02\/portada_qdesk-768x768.png",768,768,true],"large":["https:\/\/rotomoldeo.com.mx\/tienda\/wp-content\/uploads\/2024\/02\/portada_qdesk-1024x1024.png",1024,1024,true],"1536x1536":["https:\/\/rotomoldeo.com.mx\/tienda\/wp-content\/uploads\/2024\/02\/portada_qdesk.png",1200,1200,false],"2048x2048":["https:\/\/rotomoldeo.com.mx\/tienda\/wp-content\/uploads\/2024\/02\/portada_qdesk.png",1200,1200,false],"mailpoet_newsletter_max":["https:\/\/rotomoldeo.com.mx\/tienda\/wp-content\/uploads\/2024\/02\/portada_qdesk.png",1200,1200,false],"woocommerce_thumbnail":["https:\/\/rotomoldeo.com.mx\/tienda\/wp-content\/uploads\/2024\/02\/portada_qdesk-300x300.png",300,300,true],"woocommerce_single":["https:\/\/rotomoldeo.com.mx\/tienda\/wp-content\/uploads\/2024\/02\/portada_qdesk-600x600.png",600,600,true],"woocommerce_gallery_thumbnail":["https:\/\/rotomoldeo.com.mx\/tienda\/wp-content\/uploads\/2024\/02\/portada_qdesk-100x100.png",100,100,true]},"uagb_author_info":{"display_name":"admin","author_link":"https:\/\/rotomoldeo.com.mx\/tienda\/author\/"},"uagb_comment_info":1,"uagb_excerpt":"Invierte en calidad y obt\u00e9n durabilidad para toda la vida Protege la salud de los estudiantes al promover una postura que cuida su sistema circulatorio y metab\u00f3lico con su dise\u00f1o ergon\u00f3mico. Un pupitre de madera o metal dura entre 3 a 5 a\u00f1os. Qdesk est\u00e1 dise\u00f1ado para tener una extensa vida \u00fatil y elaborado con&hellip;","jetpack_sharing_enabled":true,"_links":{"self":[{"href":"https:\/\/rotomoldeo.com.mx\/tienda\/wp-json\/wp\/v2\/product\/2535","targetHints":{"allow":["GET"]}}],"collection":[{"href":"https:\/\/rotomoldeo.com.mx\/tienda\/wp-json\/wp\/v2\/product"}],"about":[{"href":"https:\/\/rotomoldeo.com.mx\/tienda\/wp-json\/wp\/v2\/types\/product"}],"replies":[{"embeddable":true,"href":"https:\/\/rotomoldeo.com.mx\/tienda\/wp-json\/wp\/v2\/comments?post=2535"}],"wp:featuredmedia":[{"embeddable":true,"href":"https:\/\/rotomoldeo.com.mx\/tienda\/wp-json\/wp\/v2\/media\/2592"}],"wp:attachment":[{"href":"https:\/\/rotomoldeo.com.mx\/tienda\/wp-json\/wp\/v2\/media?parent=2535"}],"wp:term":[{"taxonomy":"product_brand","embeddable":true,"href":"https:\/\/rotomoldeo.com.mx\/tienda\/wp-json\/wp\/v2\/product_brand?post=2535"},{"taxonomy":"product_cat","embeddable":true,"href":"https:\/\/rotomoldeo.com.mx\/tienda\/wp-json\/wp\/v2\/product_cat?post=2535"},{"taxonomy":"product_tag","embeddable":true,"href":"https:\/\/rotomoldeo.com.mx\/tienda\/wp-json\/wp\/v2\/product_tag?post=2535"}],"curies":[{"name":"wp","href":"https:\/\/api.w.org\/{rel}","templated":true}]}}